{"id":875,"date":"2022-11-29T12:16:29","date_gmt":"2022-11-29T11:16:29","guid":{"rendered":"https:\/\/histoirepatrimoine-paris17.org\/?page_id=875"},"modified":"2026-04-14T13:34:08","modified_gmt":"2026-04-14T11:34:08","slug":"mot-daccueil","status":"publish","type":"page","link":"https:\/\/histoirepatrimoine-paris17.org\/","title":{"rendered":"Demandez le programme ! \ud83d\ude4b\u200d\u2642\ufe0f\ud83d\ude4b\u200d\u2640\ufe0f"},"content":{"rendered":"\n<p>Notre cycle d&rsquo;\u00e9v\u00e9nements pour cette nouvelle ann\u00e9e 2026 est d\u00e9sormais bien lanc\u00e9 (programme pr\u00e9visionnel \u00e0 retrouver dans <a href=\"https:\/\/histoirepatrimoine-paris17.org\/index.php\/nos-evenements\">Nos \u00e9v\u00e9nements<\/a>) et nous avons h\u00e2te de vous retrouver tout au long des mois \u00e0 venir !<br><br><strong>Heureux \u00e9galement de vous annoncer un gros \u00e9v\u00e9nement sur lequel nous travaillons depuis plusieurs mois :<\/strong><\/p>\n\n\n\n<h2 class=\"wp-block-heading\"><strong>\ud83d\udcc6\ud83c\udfb9 Mardi 2 juin, \u00e0 20h : R\u00c9CIT &amp; R\u00c9CITAL<\/strong> <strong><em>\u00ab\u00a0Une soir\u00e9e musicale \u00e0 la Plaine-Monceau vers 1900\u00a0\u00bb<\/em><\/strong> avec Patrick Rollot et le pianiste Gaspard Dehaene <em>(en partenariat avec les Amis de Maurice Ravel)<\/em><\/h2>\n\n\n\n<p><strong>Un rendez-vous in\u00e9dit !<\/strong> Au cours de cette soir\u00e9e exceptionnelle, Patrick Rollot vous racontera l\u2019un des plus c\u00e9l\u00e8bres salons musicaux parisiens, celui que tenait Marguerite de Saint-Marceaux dans son h\u00f4tel particulier du 100 boulevard Malesherbes et qui vit d\u00e9filer chaque vendredi soir les plus grands compositeurs de la fin du 19e et du d\u00e9but du 20e si\u00e8cles\u2026<br>Puis nous aurons la chance d\u2019\u00e9couter <strong>le pianiste Gaspard Dehaene<\/strong> nous interpr\u00e9ter une s\u00e9lection d\u2019\u0153uvres magnifiques d\u2019habitu\u00e9s de ce fameux salon de la Plaine-Monceau : <strong>Isaac Alb\u00e9niz, Georges Enesco, Gabriel Faur\u00e9, Maurice Ravel et Camille Saint-Sa\u00ebns !<\/strong><br><strong><em>Venez nombreux, et parlez-en largement autour de vous !<\/em><\/strong><br>\ud83d\udccd <em>Salle Cortot, 78 rue Cardinet, <em>M\u00b0 Malesherbes<\/em>. <em>Places de 10 \u20ac \u00e0 30 \u20ac. <strong>Tarif r\u00e9duit de 15 \u20ac pour les adh\u00e9rents \u00e0 jour de cotisation. Billetterie ouverte : <a href=\"https:\/\/www.helloasso.com\/associations\/histoire-et-patrimoine-de-paris-17eme\/evenements\/recit-et-recital-une-soiree-musicale-a-la-plaine-monceau-vers-1900\" data-type=\"link\" data-id=\"https:\/\/www.helloasso.com\/associations\/histoire-et-patrimoine-de-paris-17eme\/evenements\/recit-et-recital-une-soiree-musicale-a-la-plaine-monceau-vers-1900\" target=\"_blank\" rel=\"noreferrer noopener\">Cliquez ici<\/a>.<\/strong><\/em><\/em><\/p>\n\n\n\n<figure class=\"wp-block-image size-large\"><img loading=\"lazy\" decoding=\"async\" width=\"1024\" height=\"593\" src=\"https:\/\/histoirepatrimoine-paris17.org\/wp-content\/uploads\/2026\/04\/Visuel-CORTOT-page-programmation-1024x593.jpg\" alt=\"\" class=\"wp-image-1774\" srcset=\"https:\/\/histoirepatrimoine-paris17.org\/wp-content\/uploads\/2026\/04\/Visuel-CORTOT-page-programmation-1024x593.jpg 1024w, https:\/\/histoirepatrimoine-paris17.org\/wp-content\/uploads\/2026\/04\/Visuel-CORTOT-page-programmation-300x174.jpg 300w, https:\/\/histoirepatrimoine-paris17.org\/wp-content\/uploads\/2026\/04\/Visuel-CORTOT-page-programmation-768x445.jpg 768w, https:\/\/histoirepatrimoine-paris17.org\/wp-content\/uploads\/2026\/04\/Visuel-CORTOT-page-programmation-1536x890.jpg 1536w, https:\/\/histoirepatrimoine-paris17.org\/wp-content\/uploads\/2026\/04\/Visuel-CORTOT-page-programmation-2048x1186.jpg 2048w\" sizes=\"auto, (max-width: 1024px) 100vw, 1024px\" \/><\/figure>\n\n\n\n<p>Et \u00e0 plus court terme&#8230;<\/p>\n\n\n\n<h2 class=\"wp-block-heading\"><span><strong style=\"font-weight: bold;\">\ud83d\udcc6<\/strong><\/span>\ud83d\udeb6\u200d\u2642\ufe0f <strong>Jeudi 7 mai, \u00e0 18h :<\/strong> <strong>PROMENADE GUIDEE <em>\u00ab\u00a0L&rsquo;\u00e9clectisme architectural de la Plaine-Monceau\u00a0\u00bb<\/em><\/strong> par Patrick Rollot <em>(en partenariat avec la Cit\u00e9 de l&rsquo;Economie)<\/em><\/h2>\n\n\n\n<p>Haussmannien, n\u00e9o-haussmannien, n\u00e9o-Renaissance, n\u00e9o-gothique, style troubadour, Art Nouveau, Art D\u00e9co&#8230; Partez \u00e0 la d\u00e9couverte de toute la richesse des styles que nous offre l&rsquo;architecture parisienne de la seconde moiti\u00e9 du 19e et du d\u00e9but de 20e si\u00e8cles \u00e0 l&rsquo;occasion de cette promenade guid\u00e9e au c\u0153ur de la Plaine-Monceau. Une incroyable vari\u00e9t\u00e9 qui lui conf\u00e8re son charme rare et intemporel.<br>\ud83d\udccd Participation : 2 \u20ac<em>. <\/em><strong>Inscriptions obligatoires : <\/strong><a href=\"https:\/\/www.citeco.fr\/agenda\/leclectisme-architectural-de-la-plaine-monceau\">https:\/\/www.citeco.fr\/agenda\/leclectisme-architectural-de-la-plaine-monceau<\/a><\/p>\n\n\n\n<figure class=\"wp-block-image size-large\"><img loading=\"lazy\" decoding=\"async\" width=\"1024\" height=\"765\" src=\"https:\/\/histoirepatrimoine-paris17.org\/wp-content\/uploads\/2026\/04\/Boulevard-Malesherbes-a-langle-de-la-rue-de-la-Terrasse-1024x765.jpg\" alt=\"\" class=\"wp-image-1795\" srcset=\"https:\/\/histoirepatrimoine-paris17.org\/wp-content\/uploads\/2026\/04\/Boulevard-Malesherbes-a-langle-de-la-rue-de-la-Terrasse-1024x765.jpg 1024w, https:\/\/histoirepatrimoine-paris17.org\/wp-content\/uploads\/2026\/04\/Boulevard-Malesherbes-a-langle-de-la-rue-de-la-Terrasse-300x224.jpg 300w, https:\/\/histoirepatrimoine-paris17.org\/wp-content\/uploads\/2026\/04\/Boulevard-Malesherbes-a-langle-de-la-rue-de-la-Terrasse-768x574.jpg 768w, https:\/\/histoirepatrimoine-paris17.org\/wp-content\/uploads\/2026\/04\/Boulevard-Malesherbes-a-langle-de-la-rue-de-la-Terrasse-1536x1147.jpg 1536w, https:\/\/histoirepatrimoine-paris17.org\/wp-content\/uploads\/2026\/04\/Boulevard-Malesherbes-a-langle-de-la-rue-de-la-Terrasse-2048x1529.jpg 2048w\" sizes=\"auto, (max-width: 1024px) 100vw, 1024px\" \/><\/figure>\n\n\n\n<h2 class=\"wp-block-heading\"><span><strong style=\"font-weight: bold;\">\ud83d\udcc6<\/strong><\/span> <strong>Samedi 9 ET Dimanche 10 mai, \u00e0 14h : VISITE GUIDEE <em>\u00ab\u00a0Les personnalit\u00e9s et tombes singuli\u00e8res du Cimeti\u00e8re des Batignolles\u00a0\u00bb<\/em><\/strong> par Patrick Rollot <em>(dans le cadre du Printemps des Cimeti\u00e8res 2026)<\/em><\/h2>\n\n\n\n<p>D&rsquo;Andr\u00e9 Breton \u00e0 Paul Verlaine en passant par Marguerite Durand, Ray Ventura ou H\u00e9l\u00e8ne Dutrieux, partez \u00e0 la d\u00e9couverte des personnalit\u00e9s, connues ou parfois injustement oubli\u00e9es, comme des tombes les plus \u00e9tonnantes de ce vaste cimeti\u00e8re de l&rsquo;ouest parisien, le 3\u00e8me plus grand ex-aequo de la capitale et malgr\u00e9 tout mal connu, ouvert en 1833 et qui compte 15 000 tombes et plus de 1 000 arbres\u2026<br><a href=\"https:\/\/carte.printempsdescimetieres.org\/map#\/fiche\/Personnalites-et-tombes-singulieres-du-Cimetiere-des-Batignolles\/j\/\">https:\/\/carte.printempsdescimetieres.org\/map#\/fiche\/Personnalites-et-tombes-singulieres-du-Cimetiere-des-Batignolles\/j\/<\/a><br><em>\ud83d\udccd Cimeti\u00e8re des Batignolles, 8-10 rue Saint-Just, M\u00b0 et Tram T3b Porte de Clichy<\/em>. <em>Gratuit.<\/em> <strong>Inscription obligatoire <\/strong>: contact@hep17.org <strong>(en pr\u00e9cisant bien la date choisie)<\/strong><\/p>\n\n\n\n<figure class=\"wp-block-image size-large\"><img loading=\"lazy\" decoding=\"async\" width=\"1024\" height=\"576\" src=\"https:\/\/histoirepatrimoine-paris17.org\/wp-content\/uploads\/2026\/04\/PXL_20250518_130027912-1024x576.jpg\" alt=\"\" class=\"wp-image-1791\" srcset=\"https:\/\/histoirepatrimoine-paris17.org\/wp-content\/uploads\/2026\/04\/PXL_20250518_130027912-1024x576.jpg 1024w, https:\/\/histoirepatrimoine-paris17.org\/wp-content\/uploads\/2026\/04\/PXL_20250518_130027912-300x169.jpg 300w, https:\/\/histoirepatrimoine-paris17.org\/wp-content\/uploads\/2026\/04\/PXL_20250518_130027912-768x432.jpg 768w, https:\/\/histoirepatrimoine-paris17.org\/wp-content\/uploads\/2026\/04\/PXL_20250518_130027912-1536x864.jpg 1536w, https:\/\/histoirepatrimoine-paris17.org\/wp-content\/uploads\/2026\/04\/PXL_20250518_130027912-2048x1152.jpg 2048w, https:\/\/histoirepatrimoine-paris17.org\/wp-content\/uploads\/2026\/04\/PXL_20250518_130027912-400x225.jpg 400w, https:\/\/histoirepatrimoine-paris17.org\/wp-content\/uploads\/2026\/04\/PXL_20250518_130027912-780x439.jpg 780w\" sizes=\"auto, (max-width: 1024px) 100vw, 1024px\" \/><\/figure>\n\n\n\n<p><strong>Enfin, rejoignez-nous EN ADHERANT ou EN FAISANT UN DON (d\u00e9fiscalis\u00e9 de vos revenus 2025) <a href=\"https:\/\/histoirepatrimoine-paris17.org\/index.php\/adherer\/\" data-type=\"link\" data-id=\"https:\/\/histoirepatrimoine-paris17.org\/index.php\/adherer\/\">en cliquant ici<\/a> !<\/strong><br><br>H\u00e2te de vous retrouver lors de nos prochains \u00e9v\u00e9nements !<br><br>Patrick Rollot<br>Pr\u00e9sident d&rsquo;<em>Histoire &amp; Patrimoine de Paris 17e<\/em><\/p>\n\n\n\n<p>NB : O\u00f9 trouver <a href=\"https:\/\/histoirepatrimoine-paris17.org\/index.php\/nos-publications\/\">nos publications<\/a> dans le 17e, disponibles ou <a href=\"https:\/\/histoirepatrimoine-paris17.org\/index.php\/nos-publications\/\">sur commande<\/a> :<\/p>\n\n\n\n<figure class=\"wp-block-image size-large\"><img loading=\"lazy\" decoding=\"async\" width=\"724\" height=\"1024\" src=\"https:\/\/histoirepatrimoine-paris17.org\/wp-content\/uploads\/2025\/12\/2511-Presentation-Collection-Librairie-1-724x1024.jpg\" alt=\"\" class=\"wp-image-1558\" srcset=\"https:\/\/histoirepatrimoine-paris17.org\/wp-content\/uploads\/2025\/12\/2511-Presentation-Collection-Librairie-1-724x1024.jpg 724w, https:\/\/histoirepatrimoine-paris17.org\/wp-content\/uploads\/2025\/12\/2511-Presentation-Collection-Librairie-1-212x300.jpg 212w, https:\/\/histoirepatrimoine-paris17.org\/wp-content\/uploads\/2025\/12\/2511-Presentation-Collection-Librairie-1-768x1086.jpg 768w, https:\/\/histoirepatrimoine-paris17.org\/wp-content\/uploads\/2025\/12\/2511-Presentation-Collection-Librairie-1-1086x1536.jpg 1086w, https:\/\/histoirepatrimoine-paris17.org\/wp-content\/uploads\/2025\/12\/2511-Presentation-Collection-Librairie-1-1448x2048.jpg 1448w, https:\/\/histoirepatrimoine-paris17.org\/wp-content\/uploads\/2025\/12\/2511-Presentation-Collection-Librairie-1-scaled.jpg 1810w\" sizes=\"auto, (max-width: 724px) 100vw, 724px\" \/><\/figure>\n\n\n\n<p>&#8211; <strong><em>Comme une orange<\/em><\/strong><em>, <\/em>46 rue Bayen<br>&#8211; <em><strong>Kiosque \u00e0 journaux<\/strong>, <\/em>8 avenue des Ternes<br>&#8211; <strong><em>Au bonheur des livres<\/em><\/strong>, 52 rue des Dames<br>&#8211; <strong><em>Librairie Fontaine<\/em><\/strong>, 48 rue de L\u00e9vis<br>&#8211; <strong><em>Ars Una<\/em><\/strong>, 126 boulevard Malesherbes<br>&#8211; <strong><em>La Procure Saint-Fran\u00e7ois-de-Sales<\/em><\/strong>, 5 rue Br\u00e9montier<br>&#8211; <strong><em>Librairie des Batignolles<\/em><\/strong>, 48 rue des Moine<\/p>\n\n\n\n<p><\/p>\n","protected":false},"excerpt":{"rendered":"<p>Notre cycle d&rsquo;\u00e9v\u00e9nements pour cette nouvelle ann\u00e9e 2026 est d\u00e9sormais bien lanc\u00e9 (programme pr\u00e9visionnel \u00e0 retrouver dans Nos \u00e9v\u00e9nements) et nous avons h\u00e2te de vous retrouver tout au long des mois \u00e0 venir ! Heureux \u00e9galement de vous annoncer un <a class=\"more-link\" href=\"https:\/\/histoirepatrimoine-paris17.org\/\">Lire plus &#8230;<\/a><\/p>\n","protected":false},"author":1,"featured_media":0,"parent":0,"menu_order":0,"comment_status":"closed","ping_status":"closed","template":"","meta":{"footnotes":""},"class_list":["post-875","page","type-page","status-publish","hentry"],"_links":{"self":[{"href":"https:\/\/histoirepatrimoine-paris17.org\/index.php\/wp-json\/wp\/v2\/pages\/875","targetHints":{"allow":["GET"]}}],"collection":[{"href":"https:\/\/histoirepatrimoine-paris17.org\/index.php\/wp-json\/wp\/v2\/pages"}],"about":[{"href":"https:\/\/histoirepatrimoine-paris17.org\/index.php\/wp-json\/wp\/v2\/types\/page"}],"author":[{"embeddable":true,"href":"https:\/\/histoirepatrimoine-paris17.org\/index.php\/wp-json\/wp\/v2\/users\/1"}],"replies":[{"embeddable":true,"href":"https:\/\/histoirepatrimoine-paris17.org\/index.php\/wp-json\/wp\/v2\/comments?post=875"}],"version-history":[{"count":174,"href":"https:\/\/histoirepatrimoine-paris17.org\/index.php\/wp-json\/wp\/v2\/pages\/875\/revisions"}],"predecessor-version":[{"id":1798,"href":"https:\/\/histoirepatrimoine-paris17.org\/index.php\/wp-json\/wp\/v2\/pages\/875\/revisions\/1798"}],"wp:attachment":[{"href":"https:\/\/histoirepatrimoine-paris17.org\/index.php\/wp-json\/wp\/v2\/media?parent=875"}],"curies":[{"name":"wp","href":"https:\/\/api.w.org\/{rel}","templated":true}]}}