{"id":689,"date":"2021-05-26T16:55:30","date_gmt":"2021-05-26T14:55:30","guid":{"rendered":"https:\/\/histoirepatrimoine-paris17.org\/?page_id=689"},"modified":"2024-02-01T15:27:57","modified_gmt":"2024-02-01T14:27:57","slug":"la-rue-de-levis-au-fil-du-temps-2","status":"publish","type":"page","link":"https:\/\/histoirepatrimoine-paris17.org\/index.php\/la-rue-de-levis-au-fil-du-temps-2\/","title":{"rendered":"La rue de L\u00e9vis au fil du temps"},"content":{"rendered":"\n<p><strong>Dossier r\u00e9alis\u00e9 par Pascale NOURISSON en mai 2021 \u2013 mis \u00e0 jour en septembre 2022<\/strong><\/p>\n\n\n\n<p>Ce dossier nous propose de parcourir la rue de L\u00e9vis en attirant l\u2019attention sur certains aspects historiques, commerciaux ou architecturaux parfois m\u00e9connus de cette tr\u00e8s ancienne voie de la capitale. Au sein du 17e arrondissement, la rue de L\u00e9vis appartient au quartier de la Plaine-Monceau, ancien territoire agricole et giboyeux aux portes de Paris, qui va s\u2019urbaniser \u00e0 partir des ann\u00e9es 1850&#8230;<\/p>\n","protected":false},"excerpt":{"rendered":"<p>Dossier r\u00e9alis\u00e9 par Pascale NOURISSON en mai 2021 \u2013 mis \u00e0 jour en septembre 2022 Ce dossier nous propose de parcourir la rue de L\u00e9vis en attirant l\u2019attention sur certains aspects historiques, commerciaux ou architecturaux parfois m\u00e9connus de cette tr\u00e8s <a class=\"more-link\" href=\"https:\/\/histoirepatrimoine-paris17.org\/index.php\/la-rue-de-levis-au-fil-du-temps-2\/\">Lire plus &#8230;<\/a><\/p>\n","protected":false},"author":1,"featured_media":0,"parent":0,"menu_order":0,"comment_status":"closed","ping_status":"closed","template":"","meta":{"footnotes":""},"class_list":["post-689","page","type-page","status-publish","hentry"],"_links":{"self":[{"href":"https:\/\/histoirepatrimoine-paris17.org\/index.php\/wp-json\/wp\/v2\/pages\/689","targetHints":{"allow":["GET"]}}],"collection":[{"href":"https:\/\/histoirepatrimoine-paris17.org\/index.php\/wp-json\/wp\/v2\/pages"}],"about":[{"href":"https:\/\/histoirepatrimoine-paris17.org\/index.php\/wp-json\/wp\/v2\/types\/page"}],"author":[{"embeddable":true,"href":"https:\/\/histoirepatrimoine-paris17.org\/index.php\/wp-json\/wp\/v2\/users\/1"}],"replies":[{"embeddable":true,"href":"https:\/\/histoirepatrimoine-paris17.org\/index.php\/wp-json\/wp\/v2\/comments?post=689"}],"version-history":[{"count":7,"href":"https:\/\/histoirepatrimoine-paris17.org\/index.php\/wp-json\/wp\/v2\/pages\/689\/revisions"}],"predecessor-version":[{"id":1002,"href":"https:\/\/histoirepatrimoine-paris17.org\/index.php\/wp-json\/wp\/v2\/pages\/689\/revisions\/1002"}],"wp:attachment":[{"href":"https:\/\/histoirepatrimoine-paris17.org\/index.php\/wp-json\/wp\/v2\/media?parent=689"}],"curies":[{"name":"wp","href":"https:\/\/api.w.org\/{rel}","templated":true}]}}