{"id":452,"date":"2021-03-22T18:30:12","date_gmt":"2021-03-22T17:30:12","guid":{"rendered":"https:\/\/histoirepatrimoine-paris17.org\/?page_id=452"},"modified":"2021-03-22T18:30:14","modified_gmt":"2021-03-22T17:30:14","slug":"les-rues-du-17eme-qui-ont-ete-rebaptisees","status":"publish","type":"page","link":"https:\/\/histoirepatrimoine-paris17.org\/index.php\/les-rues-du-17eme-qui-ont-ete-rebaptisees\/","title":{"rendered":"Les rues du 17\u00e8me qui ont \u00e9t\u00e9 rebaptis\u00e9es"},"content":{"rendered":"\n<p>En annexant onze communes en 1860 la Ville de Paris double le nombre de ses rues et se trouve alors dans l\u2019obligation d\u2019effectuer un vaste travail pour supprimer les doublons.<\/p>\n\n\n\n<p>Ce travail va s\u2019effectuer principalement jusqu\u2019en 1870, sur la base du rapport Merruau qui en fixe pr\u00e9cis\u00e9ment les r\u00e8gles.<\/p>\n\n\n\n<p>Ainsi le choix est fait de donner principalement aux rues du 17\u00e8me, situ\u00e9es autrefois aux Batignolles-Monceau et dans l\u2019est de Neuilly-sur-Seine, le nom de savants mais aussi de peintres. Les deux guerres mondiales viendront encore apporter par la suite quelques nouvelles modifications.<\/p>\n\n\n\n<figure class=\"wp-block-embed is-type-rich is-provider-slideshare wp-block-embed-slideshare wp-embed-aspect-9-16 wp-has-aspect-ratio\"><div class=\"wp-block-embed__wrapper\">\n<iframe loading=\"lazy\" title=\"Les rues du 17\u00e8me qui ont \u00e9t\u00e9 rebaptis\u00e9es\" src=\"https:\/\/www.slideshare.net\/slideshow\/embed_code\/key\/13CtWxyCkQOaWM\" width=\"479\" height=\"511\" frameborder=\"0\" marginwidth=\"0\" marginheight=\"0\" scrolling=\"no\" style=\"border:1px solid #CCC; border-width:1px; margin-bottom:5px; max-width: 100%;\" allowfullscreen> <\/iframe> <div style=\"margin-bottom:5px\"> <strong> <a href=\"https:\/\/fr.slideshare.net\/MatthieuGariel\/les-rues-du-17me-qui-ont-t-rebaptises\" title=\"Les rues du 17\u00e8me qui ont \u00e9t\u00e9 rebaptis\u00e9es\" target=\"_blank\">Les rues du 17\u00e8me qui ont \u00e9t\u00e9 rebaptis\u00e9es<\/a> <\/strong> from <strong><a href=\"https:\/\/www.slideshare.net\/MatthieuGariel\" target=\"_blank\">Matthieu Gariel<\/a><\/strong> <\/div>\n<\/div><\/figure>\n","protected":false},"excerpt":{"rendered":"<p>En annexant onze communes en 1860 la Ville de Paris double le nombre de ses rues et se trouve alors dans l\u2019obligation d\u2019effectuer un vaste travail pour supprimer les doublons. Ce travail va s\u2019effectuer principalement jusqu\u2019en 1870, sur la base <a class=\"more-link\" href=\"https:\/\/histoirepatrimoine-paris17.org\/index.php\/les-rues-du-17eme-qui-ont-ete-rebaptisees\/\">Lire plus &#8230;<\/a><\/p>\n","protected":false},"author":1,"featured_media":0,"parent":0,"menu_order":0,"comment_status":"closed","ping_status":"closed","template":"","meta":{"footnotes":""},"class_list":["post-452","page","type-page","status-publish","hentry"],"_links":{"self":[{"href":"https:\/\/histoirepatrimoine-paris17.org\/index.php\/wp-json\/wp\/v2\/pages\/452","targetHints":{"allow":["GET"]}}],"collection":[{"href":"https:\/\/histoirepatrimoine-paris17.org\/index.php\/wp-json\/wp\/v2\/pages"}],"about":[{"href":"https:\/\/histoirepatrimoine-paris17.org\/index.php\/wp-json\/wp\/v2\/types\/page"}],"author":[{"embeddable":true,"href":"https:\/\/histoirepatrimoine-paris17.org\/index.php\/wp-json\/wp\/v2\/users\/1"}],"replies":[{"embeddable":true,"href":"https:\/\/histoirepatrimoine-paris17.org\/index.php\/wp-json\/wp\/v2\/comments?post=452"}],"version-history":[{"count":1,"href":"https:\/\/histoirepatrimoine-paris17.org\/index.php\/wp-json\/wp\/v2\/pages\/452\/revisions"}],"predecessor-version":[{"id":453,"href":"https:\/\/histoirepatrimoine-paris17.org\/index.php\/wp-json\/wp\/v2\/pages\/452\/revisions\/453"}],"wp:attachment":[{"href":"https:\/\/histoirepatrimoine-paris17.org\/index.php\/wp-json\/wp\/v2\/media?parent=452"}],"curies":[{"name":"wp","href":"https:\/\/api.w.org\/{rel}","templated":true}]}}