{"id":395,"date":"2021-03-16T16:25:50","date_gmt":"2021-03-16T15:25:50","guid":{"rendered":"https:\/\/histoirepatrimoine-paris17.org\/?page_id=395"},"modified":"2025-09-01T18:00:13","modified_gmt":"2025-09-01T16:00:13","slug":"levolution-des-commerces-des-batignolles-entre-1900-et-2020","status":"publish","type":"page","link":"https:\/\/histoirepatrimoine-paris17.org\/index.php\/levolution-des-commerces-des-batignolles-entre-1900-et-2020\/","title":{"rendered":"\u00ab\u00a0L\u2019\u00e9volution des commerces des Batignolles entre 1900 et 2020\u00a0\u00bb"},"content":{"rendered":"[et_pb_section admin_label=\u00a0\u00bbsection\u00a0\u00bb]\n\t\t\t[et_pb_row admin_label=\u00a0\u00bbrow\u00a0\u00bb]\n\t\t\t\t[et_pb_column type=\u00a0\u00bb4_4&Prime;][et_pb_text admin_label=\u00a0\u00bbText\u00a0\u00bb]\n<p><em>Publication \u00e9dit\u00e9e en mai 2023.<\/em><\/p>\n\n\n\n<p>En 126 pages tr\u00e8s largement illustr\u00e9es, Pascale Nourisson nous propose une passionnante balade dans le quartier des Batignolles, \u00e0 la recherche des traces du pass\u00e9 et des transformations, parfois tr\u00e8s profondes, qu\u2019il a pu conna\u00eetre depuis plus d\u2019un si\u00e8cle.<br>De l\u2019avenue de Clichy \u00e0 la rue Boursault, du boulevard des Batignolles \u00e0 la rue Cardinet, rues par rues, d\u00e9couvrez les anciens commerces du quartier et ce qu&rsquo;il sont devenus !<\/p>\n\n\n\n<figure class=\"wp-block-image size-full\"><img loading=\"lazy\" decoding=\"async\" width=\"352\" height=\"493\" src=\"https:\/\/histoirepatrimoine-paris17.org\/wp-content\/uploads\/2024\/02\/Capture-decran-2024-02-01-163236.jpg\" alt=\"\" class=\"wp-image-1009\" srcset=\"https:\/\/histoirepatrimoine-paris17.org\/wp-content\/uploads\/2024\/02\/Capture-decran-2024-02-01-163236.jpg 352w, https:\/\/histoirepatrimoine-paris17.org\/wp-content\/uploads\/2024\/02\/Capture-decran-2024-02-01-163236-214x300.jpg 214w\" sizes=\"auto, (max-width: 352px) 100vw, 352px\" \/><\/figure>\n\n\n\n<p>En vente 19 \u20ac dans les librairies suivantes :<br>\u2013\u00a0<em>Au bonheur des livres<\/em>, 52 rue des Dames,<br>\u2013\u00a0<em>Librairie Fontaine<\/em>, 48 rue de L\u00e9vis,<br>\u2013\u00a0<em>Ars Una<\/em>, 126 boulevard Malesherbes,<br>\u2013\u00a0<em>La Procure Saint-Fran\u00e7ois de Sales<\/em>, 5 rue Br\u00e9montier,<br>\u2013\u00a0<em>Librairie des Batignolles<\/em>, 48 rue des Moines.<br><br>Egalement en vente en ligne <a href=\"https:\/\/www.helloasso.com\/associations\/histoire-et-patrimoine-de-paris-17eme\/boutiques\/les-publications-d-histoire-et-patrimoine-de-paris-17e\" data-type=\"link\" data-id=\"https:\/\/www.helloasso.com\/associations\/histoire-et-patrimoine-de-paris-17eme\/boutiques\/les-publications-d-histoire-et-patrimoine-de-paris-17e\">en cliquant ici<\/a>.<\/p>\n\n\n\n<p>Bonne promenade !<\/p>\n[\/et_pb_text][\/et_pb_column]\n\t\t\t[\/et_pb_row]\n\t\t[\/et_pb_section]","protected":false},"excerpt":{"rendered":"<p>[et_pb_section admin_label=\u00a0\u00bbsection\u00a0\u00bb] [et_pb_row admin_label=\u00a0\u00bbrow\u00a0\u00bb] [et_pb_column type=\u00a0\u00bb4_4&Prime;][et_pb_text admin_label=\u00a0\u00bbText\u00a0\u00bb] Publication \u00e9dit\u00e9e en mai 2023. En 126 pages tr\u00e8s largement illustr\u00e9es, Pascale Nourisson nous propose une passionnante balade dans le quartier des Batignolles, \u00e0 la recherche des traces du pass\u00e9 et des transformations, <a class=\"more-link\" href=\"https:\/\/histoirepatrimoine-paris17.org\/index.php\/levolution-des-commerces-des-batignolles-entre-1900-et-2020\/\">Lire plus &#8230;<\/a><\/p>\n","protected":false},"author":1,"featured_media":0,"parent":0,"menu_order":0,"comment_status":"closed","ping_status":"closed","template":"","meta":{"footnotes":""},"class_list":["post-395","page","type-page","status-publish","hentry"],"_links":{"self":[{"href":"https:\/\/histoirepatrimoine-paris17.org\/index.php\/wp-json\/wp\/v2\/pages\/395","targetHints":{"allow":["GET"]}}],"collection":[{"href":"https:\/\/histoirepatrimoine-paris17.org\/index.php\/wp-json\/wp\/v2\/pages"}],"about":[{"href":"https:\/\/histoirepatrimoine-paris17.org\/index.php\/wp-json\/wp\/v2\/types\/page"}],"author":[{"embeddable":true,"href":"https:\/\/histoirepatrimoine-paris17.org\/index.php\/wp-json\/wp\/v2\/users\/1"}],"replies":[{"embeddable":true,"href":"https:\/\/histoirepatrimoine-paris17.org\/index.php\/wp-json\/wp\/v2\/comments?post=395"}],"version-history":[{"count":22,"href":"https:\/\/histoirepatrimoine-paris17.org\/index.php\/wp-json\/wp\/v2\/pages\/395\/revisions"}],"predecessor-version":[{"id":1401,"href":"https:\/\/histoirepatrimoine-paris17.org\/index.php\/wp-json\/wp\/v2\/pages\/395\/revisions\/1401"}],"wp:attachment":[{"href":"https:\/\/histoirepatrimoine-paris17.org\/index.php\/wp-json\/wp\/v2\/media?parent=395"}],"curies":[{"name":"wp","href":"https:\/\/api.w.org\/{rel}","templated":true}]}}