{"id":215,"date":"2020-12-14T11:18:12","date_gmt":"2020-12-14T10:18:12","guid":{"rendered":"https:\/\/histoirepatrimoine-paris17.org\/?page_id=215"},"modified":"2025-10-24T18:56:01","modified_gmt":"2025-10-24T16:56:01","slug":"sites-internet","status":"publish","type":"page","link":"https:\/\/histoirepatrimoine-paris17.org\/index.php\/sites-internet\/","title":{"rendered":"Sites Internet int\u00e9ressants"},"content":{"rendered":"\n<p><br><strong>ASSOCIATIONS<\/strong><br><br>&#8211; <strong>Association de Sauvegarde de la Petite Ceinture et de son R\u00e9seau Ferr\u00e9<\/strong> : <a href=\"https:\/\/www.petiteceinture.org\">https:\/\/www.petiteceinture.org<\/a><br>&#8211; <strong>Compagnie Clarance<\/strong> <em>(Compagnie de th\u00e9\u00e2tre du 17\u00e8me travaillant sur la m\u00e9moire collective attach\u00e9e \u00e0 l&rsquo;esprit de l\u2019arrondissement)<\/em> : <a href=\"http:\/\/www.compagnie-clarance.fr\">http:\/\/www.compagnie-clarance.fr<\/a> et <a href=\"https:\/\/www.facebook.com\/CompagnieClarance\">https:\/\/www.facebook.com\/CompagnieClarance<\/a><br>&#8211; <strong>D\u00e9clic 17\/18<\/strong> <em>(Association des quartiers de la place de Clichy, des avenues de Clichy et de Saint-Ouen)<\/em> : <a href=\"https:\/\/declic1718.org\">https:\/\/declic1718.org<\/a>\u00a0<br>&#8211; <strong>Didier Favre<\/strong> <em>(Blog d\u2019un passionn\u00e9 du quartier des Batignolles) <\/em>: <a href=\"http:\/\/didierfavre.com\">http:\/\/didierfavre.com<\/a><br>&#8211; <strong>F\u00e9d\u00e9ration des Soci\u00e9t\u00e9s Historiques et Arch\u00e9ologiques de Paris &#8211; Ile de France<\/strong> : <a href=\"http:\/\/www.histoire-paris-idf.org\">http:\/\/www.histoire-paris-idf.org<\/a>\u00a0<br>&#8211; <strong>Paris Historique<\/strong> <em>(Association pour la Sauvegarde et la Mise en valeur du Paris historique)<\/em> : <a href=\"https:\/\/www.paris-historique.org\">https:\/\/www.paris-historique.org<\/a>\u00a0<br>&#8211; <strong>SHA 8\u00e8me-17\u00e8me<\/strong> <em>(Soci\u00e9t\u00e9 historique et arch\u00e9ologique des VIIIe et XVIIe arrondissements de Paris)<\/em> : <a href=\"http:\/\/sha8-17.e-monsite.com\">http:\/\/sha8-17.e-monsite.com<\/a>\u00a0<br>&#8211; <strong>Sites &amp; Monuments<\/strong> <em>(Soci\u00e9t\u00e9 pour la Protection des Paysages et de l\u2019Esth\u00e9tique de la France)<\/em> : <a href=\"https:\/\/www.sppef.fr\">https:\/\/www.sppef.fr<\/a>\u00a0<br>&#8211; <strong>SOS Paris<\/strong> <em>(Association de d\u00e9fense du patrimoine architectural et du cadre de vie)<\/em> : <a href=\"https:\/\/www.sosparis.org\">https:\/\/www.sosparis.org<\/a><br>&#8211; <strong>UPALYCA<\/strong> <em>(Union pour le PAtrimoine du LYc\u00e9e CArnot)<\/em> : <a href=\"http:\/\/www.upalycalyceecarnot.fr\">http:\/\/www.upalycalyceecarnot.fr<\/a><br><br><strong>INSTITUTIONS<\/strong><br><br>&#8211; <strong>Archives de Paris<\/strong> : <a href=\"http:\/\/archives.paris.fr\">http:\/\/archives.paris.fr<\/a><br>&#8211; <strong>Commission du Vieux Paris <\/strong>: <a href=\"https:\/\/www.paris.fr\/pages\/la-commission-du-vieux-paris-226#la-commission-du-vieux-paris\">https:\/\/www.paris.fr\/pages\/la-commission-du-vieux-paris-226#la-commission-du-vieux-paris<\/a><br>&#8211; <strong>D\u00e9partement d&rsquo;Histoire de l&rsquo;Architecture et d&rsquo;Arch\u00e9ologie de la Ville de Paris<\/strong> (DHAAP) : <a href=\"https:\/\/www.paris.fr\/pages\/la-commission-du-vieux-paris-226\">www.paris.fr\/pages\/la-commission-du-vieux-paris-226<\/a>\u00a0<br>&#8211; <strong>Fondation Avenir du patrimoine de Paris<\/strong> (Eglises) : <a href=\"https:\/\/www.fondationavenirpatrimoineparis.fr\">www.fondationavenirpatrimoineparis.fr<\/a>\u00a0<br>&#8211; <strong>Fondation du Patrimoine \/ Ile de France<\/strong> : <a href=\"https:\/\/www.fondation-patrimoine.org\/decouvrir-la-fondation\/notre-organisation\/delegations-regionales\/ile-de-france\/presentation\">https:\/\/www.fondation-patrimoine.org\/decouvrir-la-fondation\/notre-organisation\/delegations-regionales\/ile-de-france\/presentation<\/a><br>&#8211; <strong>Institut National du Patrimoine <\/strong>: <a href=\"https:\/\/www.inp.fr\">www.inp.fr<\/a>\u00a0<br>&#8211; <strong>Mairie de Paris \/ Patrimoine<\/strong> : <a href=\"https:\/\/www.paris.fr\/patrimoine\">https:\/\/www.paris.fr\/patrimoine<\/a><br>&#8211; <strong>Mairie du 17\u00e8me \/ Histoire du 17\u00e8me<\/strong> : <a href=\"https:\/\/mairie17.paris.fr\/pages\/patrimoine-histoire-et-personnalites-11893\">https:\/\/mairie17.paris.fr\/pages\/patrimoine-histoire-et-personnalites-11893<\/a>\u00a0<br>&#8211; <strong>Paris Cadastre \/ 17e<\/strong> : <a href=\"https:\/\/france-cadastre.fr\/cadastre\/paris17\">https:\/\/france-cadastre.fr\/cadastre\/paris17<\/a>\u00a0<\/p>\n","protected":false},"excerpt":{"rendered":"<p>ASSOCIATIONS &#8211; Association de Sauvegarde de la Petite Ceinture et de son R\u00e9seau Ferr\u00e9 : https:\/\/www.petiteceinture.org&#8211; Compagnie Clarance (Compagnie de th\u00e9\u00e2tre du 17\u00e8me travaillant sur la m\u00e9moire collective attach\u00e9e \u00e0 l&rsquo;esprit de l\u2019arrondissement) : http:\/\/www.compagnie-clarance.fr et https:\/\/www.facebook.com\/CompagnieClarance&#8211; D\u00e9clic 17\/18 (Association <a class=\"more-link\" href=\"https:\/\/histoirepatrimoine-paris17.org\/index.php\/sites-internet\/\">Lire plus &#8230;<\/a><\/p>\n","protected":false},"author":1,"featured_media":0,"parent":0,"menu_order":0,"comment_status":"closed","ping_status":"closed","template":"","meta":{"footnotes":""},"class_list":["post-215","page","type-page","status-publish","hentry"],"_links":{"self":[{"href":"https:\/\/histoirepatrimoine-paris17.org\/index.php\/wp-json\/wp\/v2\/pages\/215","targetHints":{"allow":["GET"]}}],"collection":[{"href":"https:\/\/histoirepatrimoine-paris17.org\/index.php\/wp-json\/wp\/v2\/pages"}],"about":[{"href":"https:\/\/histoirepatrimoine-paris17.org\/index.php\/wp-json\/wp\/v2\/types\/page"}],"author":[{"embeddable":true,"href":"https:\/\/histoirepatrimoine-paris17.org\/index.php\/wp-json\/wp\/v2\/users\/1"}],"replies":[{"embeddable":true,"href":"https:\/\/histoirepatrimoine-paris17.org\/index.php\/wp-json\/wp\/v2\/comments?post=215"}],"version-history":[{"count":14,"href":"https:\/\/histoirepatrimoine-paris17.org\/index.php\/wp-json\/wp\/v2\/pages\/215\/revisions"}],"predecessor-version":[{"id":1486,"href":"https:\/\/histoirepatrimoine-paris17.org\/index.php\/wp-json\/wp\/v2\/pages\/215\/revisions\/1486"}],"wp:attachment":[{"href":"https:\/\/histoirepatrimoine-paris17.org\/index.php\/wp-json\/wp\/v2\/media?parent=215"}],"curies":[{"name":"wp","href":"https:\/\/api.w.org\/{rel}","templated":true}]}}